{"id":182,"date":"2022-11-24T13:37:36","date_gmt":"2022-11-24T12:37:36","guid":{"rendered":"https:\/\/wzmc.de\/?page_id=182"},"modified":"2023-07-05T10:40:06","modified_gmt":"2023-07-05T08:40:06","slug":"ueber-uns","status":"publish","type":"page","link":"https:\/\/wzmc.de\/index.php\/ueber-uns\/","title":{"rendered":"\u00dcber uns"},"content":{"rendered":"\n<p>Wir sind die verr\u00fcckteste Motorrad Gruppe Wetzlars und bekannt f\u00fcr das Wetzlarer Halloween Rideout.<\/p>\n\n\n\n<p>Wir sind 2019 gegr\u00fcndet worden und seitdem st\u00e4ndig gewachsen.<br>Mit \u00fcber 270 Mitgliedern sind wir \u00fcber die Zeit eine gro\u00dfe Gemeinschafft geworden!<\/p>\n\n\n\n<p>Werde auch du Teil der WZMC und trete \u00fcber das Beitrittsformular bei!<\/p>\n","protected":false},"excerpt":{"rendered":"<p>Wir sind die verr\u00fcckteste Motorrad Gruppe Wetzlars und bekannt f\u00fcr das Wetzlarer Halloween Rideout. Wir [&hellip;]<\/p>\n","protected":false},"author":3,"featured_media":0,"parent":0,"menu_order":0,"comment_status":"closed","ping_status":"closed","template":"","meta":{"footnotes":""},"class_list":["post-182","page","type-page","status-publish","hentry"],"_links":{"self":[{"href":"https:\/\/wzmc.de\/index.php\/wp-json\/wp\/v2\/pages\/182","targetHints":{"allow":["GET"]}}],"collection":[{"href":"https:\/\/wzmc.de\/index.php\/wp-json\/wp\/v2\/pages"}],"about":[{"href":"https:\/\/wzmc.de\/index.php\/wp-json\/wp\/v2\/types\/page"}],"author":[{"embeddable":true,"href":"https:\/\/wzmc.de\/index.php\/wp-json\/wp\/v2\/users\/3"}],"replies":[{"embeddable":true,"href":"https:\/\/wzmc.de\/index.php\/wp-json\/wp\/v2\/comments?post=182"}],"version-history":[{"count":4,"href":"https:\/\/wzmc.de\/index.php\/wp-json\/wp\/v2\/pages\/182\/revisions"}],"predecessor-version":[{"id":272,"href":"https:\/\/wzmc.de\/index.php\/wp-json\/wp\/v2\/pages\/182\/revisions\/272"}],"wp:attachment":[{"href":"https:\/\/wzmc.de\/index.php\/wp-json\/wp\/v2\/media?parent=182"}],"curies":[{"name":"wp","href":"https:\/\/api.w.org\/{rel}","templated":true}]}}