{"id":134,"date":"2022-11-23T16:18:34","date_gmt":"2022-11-23T15:18:34","guid":{"rendered":"https:\/\/wzmc.de\/?page_id=134"},"modified":"2022-11-28T11:31:58","modified_gmt":"2022-11-28T10:31:58","slug":"datenschutzerklaerung","status":"publish","type":"page","link":"https:\/\/wzmc.de\/index.php\/datenschutzerklaerung\/","title":{"rendered":"Datenschutzerkl\u00e4rung"},"content":{"rendered":"\n<h2 class=\"wp-block-heading\"><strong>\u00dcber unsere Datenschutzerkl\u00e4rung<\/strong><\/h2>\n\n\n\n<p>Diese Datenschutzerkl\u00e4rung gilt f\u00fcr die personenbezogenen Daten, die wzmc.de von Dir oder \u00fcber Dich speichert, wenn Du unsere Webseite besuchst oder unsere Dienste nutzt. Im Folgenden erl\u00e4utern wir, warum und wie wir Deine pers\u00f6nlichen Daten verarbeiten.<br><br>Wir k\u00f6nnen diese Datenschutzerkl\u00e4rung jederzeit \u00e4ndern und werden Dich innerhalb eines angemessenen Zeitraums vor dem Inkrafttreten einer sp\u00e4teren Version per E-Mail oder auf elektronischem Wege dar\u00fcber informieren.<\/p>\n\n\n\n<h2 class=\"wp-block-heading\"><strong>Definitionen<\/strong><\/h2>\n\n\n\n<p><strong>&#8222;Plattform&#8220; <\/strong>bezeichnet unsere Website und die damit verbundene Cloud, auf die Du unter folgender Adresse zugreifen kannst wzmc.de und wzmc.de\/cloud.<br><strong><br>Personenbezogene Daten <\/strong>sind alle Informationen, die sich auf Dich beziehen und anhand derer Du direkt oder indirekt identifiziert werden kannst.<\/p>\n\n\n\n<h2 class=\"wp-block-heading\"><strong>Wie kann ich euch erreichen?<\/strong><\/h2>\n\n\n\n<p>Du kannst uns auf verschiedenen Wegen kontaktieren:<\/p>\n\n\n\n<ul class=\"wp-block-list\">\n<li>Per E-Mail: wetzlarermotorradcommunity@gmail.com<\/li>\n\n\n\n<li>Per Kontaktformular auf unserer Webseite<\/li>\n<\/ul>\n\n\n\n<h2 class=\"wp-block-heading\"><strong>Welche Arten von personenbezogenen Daten verarbeitet ihr von mir?<\/strong><\/h2>\n\n\n\n<p>Wir verarbeiten verschiedene Arten von personenbezogenen Daten:<\/p>\n\n\n\n<figure class=\"wp-block-table\"><table><tbody><tr><td><strong>Personenbezogene Daten, die Du angeben musst<\/strong>: Um dich in die Gruppe aufnehmen zu k\u00f6nnen und um dich zu identifizeren.<\/td><td>Vorname, Nachname, Handy\/Telefonnummer, Wohnort, F\u00fchrerscheinklassen<\/td><\/tr><tr><td><strong>Personenbezogene Daten, die Du unter Umst\u00e4nden angibst: <\/strong>Daten die du freiwillig in Formularen eintragen kannst.<\/td><td>Geburtstag, Instagram-Name, Adresse, Motorr\u00e4der<\/td><\/tr><\/tbody><\/table><\/figure>\n\n\n\n<h2 class=\"wp-block-heading\"><strong>Warum ist die Angabe einiger meiner personenbezogenen Daten erforderlich?<\/strong><\/h2>\n\n\n\n<p>Manchmal verlangen wir von Dir, dass Du uns einige Deiner personenbezogenen Daten zur Verf\u00fcgung stellst. Beispielsweise m\u00fcssen wir Deine Handynummer erfassen um dich in die Gruppe aufnehmen zu k\u00f6nnen.<\/p>\n\n\n\n<h2 class=\"wp-block-heading\"><strong>Warum und f\u00fcr was nutzt ihr meine personenbezogenen Daten?<\/strong><\/h2>\n\n\n\n<p>Wir m\u00fcssen Deine personenbezogenen Daten f\u00fcr verschiedene Zwecke verwenden. Dies kann sein:<\/p>\n\n\n\n<ul class=\"wp-block-list\">\n<li>Du wirst zu Whatsapp-Gruppe hinzugef\u00fcgt<\/li>\n\n\n\n<li>Du wirst auf Instagram makiert.<\/li>\n\n\n\n<li>Du hast einer solchen Verarbeitung zugestimmt (<strong>Dein Einverst\u00e4ndnis<\/strong>).<\/li>\n<\/ul>\n\n\n\n<p>BITTE BEACHTE, DASS DU DAS RECHT HAST, DEINE EINWILLIGUNG ZUR VERARBEITUNG DEINER DATEN AUFGRUND UNSERES BERECHTIGTEN INTERESSES ODER ZU EINEM ANDEREN DER OBEN GENANNTEN ZWECKE ZU WIDERRUFEN BZW. DER VERARBEITUNG WIDERSPRECHEN KANNST, INDEM DU DICH MIT UNS IN VERBINDUNG SETZT ODER INDEM DU DEINE PERSONENBEZOGENEN DATEN VON DER PLATTFORM ENTFERNST, SOWEIT DIES M\u00d6GLICH IST.<br><\/p>\n\n\n\n<h2 class=\"wp-block-heading\"><strong>Wie lange speichert ihr meine personenbezogenen Daten?<\/strong><\/h2>\n\n\n\n<p>Wir speichern Deine personenbezogenen Daten so lange, wie es f\u00fcr den Zweck erforderlich ist, f\u00fcr den wir sie erhalten haben, insbesondere solange Du unsere Dienste weiterhin nutzt.<br><br>Bitte beachte, dass auch im Fall, dass Dein Account und Deine personenbezogenen Daten gel\u00f6scht werden: Deine Beitr\u00e4ge, Kommentare, Daten in \u00f6ffentlichen Ordnern gespeichert bleiben<\/p>\n\n\n\n<h2 class=\"wp-block-heading\"><strong>Mit wem teilt ihr meine personenbezogenen Daten?<\/strong><\/h2>\n\n\n\n<p>Wir verkaufen keine personenbezogenen Daten an Dritte. Wir teilen deine Daten mit anderen Gruppenmitgliedern.<br><\/p>\n\n\n\n<h2 class=\"wp-block-heading\"><strong>Transferiert ihr meine personenbezogenen Daten an Orte au\u00dferhalb der Europ\u00e4ischen Union?<\/strong><\/h2>\n\n\n\n<p>Deine personenbezogenen Daten werden innerhalb der Europ\u00e4ischen Union gespeichert. Beispielsweise hosten wir unsere Server in der Europ\u00e4ischen Union.<br><br><\/p>\n\n\n\n<h2 class=\"wp-block-heading\"><strong>Was sind meine Rechte?<\/strong><\/h2>\n\n\n\n<p>Durch die EU-DSGVO hast Du mehrere Rechte bez\u00fcglich Deiner personenbezogener Daten:<\/p>\n\n\n\n<figure class=\"wp-block-table\"><table><tbody><tr><td><strong>Auskunftsrecht der betroffenen Person<\/strong><\/td><td>Du hast das Recht, auf Deine personenbezogenen Daten zuzugreifen, indem Du eine schriftliche Anfrage an uns richtest. Das bedeutet, dass Du das Recht hast, eine Kopie Deiner personenbezogener Daten zu erhalten.<\/td><\/tr><tr><td><strong>Recht auf Berichtigung<\/strong><\/td><td>Du hast das Recht, Deine personenbezogene Daten zu berichtigen oder zu vervollst\u00e4ndigen, wenn sie ungenau oder unvollst\u00e4ndig sind.<\/td><\/tr><tr><td><strong>Recht auf L\u00f6schen<\/strong><\/td><td>Du hast das Recht, die L\u00f6schung Deiner personenbezogenen Daten zu verlangen. Bitte beachte, dass dieses Recht nicht absolut ist und nur unter bestimmten Umst\u00e4nden gilt (z.B. nur, wenn die pers\u00f6nlichen Daten nicht mehr f\u00fcr den Zweck ben\u00f6tigt werden, f\u00fcr den wir sie urspr\u00fcnglich erhoben oder verarbeitet haben, usw.).<\/td><\/tr><tr><td><strong>Recht auf Einschr\u00e4nkung der Verarbeitung<\/strong><\/td><td>Du hast das Recht, die Einschr\u00e4nkung Deiner personenbezogenen Daten zu beantragen, wenn Du einen bestimmten Grund f\u00fcr die Einschr\u00e4nkung hast.<\/td><\/tr><tr><td><strong>Recht auf Daten\u00fcbertragbarkeit<\/strong><\/td><td>Du hast das Recht, die \u00dcbertragbarkeit Deiner personenbezogenen Daten zu erfragen. Das bedeutet, dass Du das Recht hast, personenbezogene Daten, die Du uns zur Verf\u00fcgung gestellt hast, in einem strukturierten, gebr\u00e4uchlichen und maschinenlesbaren Format zu erhalten.<\/td><\/tr><tr><td><strong>Widerspruchsrecht<\/strong><\/td><td>Du hast das Recht, der Verarbeitung Deiner personenbezogener Daten zu widersprechen. Dadurch kannst Du uns auffordern, die Verarbeitung Deiner personenbezogenen Daten einzustellen.<\/td><\/tr><tr><td><strong>Automatisierte Entscheidungen im Einzelfall einschlie\u00dflich Profiling<\/strong><\/td><td>Du hast das Recht, einer Entscheidung, die ausschlie\u00dflich auf automatisierten Mitteln beruht, nicht unterworfen zu werden, wenn die Entscheidung Rechtswirkungen f\u00fcr Dich hat oder Dich in \u00e4hnlicher Weise erheblich beeintr\u00e4chtigt.<\/td><\/tr><tr><td><strong>Beschwerderecht<\/strong><\/td><td>Du hast das Recht, eine Beschwerde bei der Datenschutzbeh\u00f6rde einzureichen: Die Bundesbeauftragte f\u00fcr den Datenschutz und die Informationsfreiheit Husarenstr. 30 53117 Bonn Telefon: +49 (0)228 997799-0 Fax: +49 (0)228 997799-5550 Webseite: <a href=\"https:\/\/www.bfdi.bund.de\" target=\"_blank\" rel=\"noreferrer noopener\">https:\/\/www.bfdi.bund.de<\/a><\/td><\/tr><\/tbody><\/table><\/figure>\n\n\n\n<h2 class=\"wp-block-heading\"><strong>Wie \u00fcbe ich meine Rechte aus?<\/strong><\/h2>\n\n\n\n<p>Um Deine Rechte auszu\u00fcben, kontaktiere uns bitte \u00fcber die Kontaktinformationen am Anfang dieser Datenschutzerkl\u00e4rung. M\u00f6glicherweise m\u00fcssen wir Dich um einen Identit\u00e4tsnachweis bitten, um sicher zu sein, dass Du es bist.<br><br>Wir werden unser Bestes tun, um Dir innerhalb eines Monats zu antworten.<br><br>Manchmal werden wir Deine Anfrage nicht annehmen k\u00f6nnen, weil Deine Datenschutzrechte nur unter bestimmten Umst\u00e4nden gelten k\u00f6nnen oder von der Rechtsgrundlage der Verarbeitung abh\u00e4ngen: Wir werden Dich dann informieren.<\/p>\n","protected":false},"excerpt":{"rendered":"<p>\u00dcber unsere Datenschutzerkl\u00e4rung Diese Datenschutzerkl\u00e4rung gilt f\u00fcr die personenbezogenen Daten, die wzmc.de von Dir oder [&hellip;]<\/p>\n","protected":false},"author":3,"featured_media":0,"parent":0,"menu_order":0,"comment_status":"closed","ping_status":"closed","template":"","meta":{"footnotes":""},"class_list":["post-134","page","type-page","status-publish","hentry"],"_links":{"self":[{"href":"https:\/\/wzmc.de\/index.php\/wp-json\/wp\/v2\/pages\/134","targetHints":{"allow":["GET"]}}],"collection":[{"href":"https:\/\/wzmc.de\/index.php\/wp-json\/wp\/v2\/pages"}],"about":[{"href":"https:\/\/wzmc.de\/index.php\/wp-json\/wp\/v2\/types\/page"}],"author":[{"embeddable":true,"href":"https:\/\/wzmc.de\/index.php\/wp-json\/wp\/v2\/users\/3"}],"replies":[{"embeddable":true,"href":"https:\/\/wzmc.de\/index.php\/wp-json\/wp\/v2\/comments?post=134"}],"version-history":[{"count":3,"href":"https:\/\/wzmc.de\/index.php\/wp-json\/wp\/v2\/pages\/134\/revisions"}],"predecessor-version":[{"id":209,"href":"https:\/\/wzmc.de\/index.php\/wp-json\/wp\/v2\/pages\/134\/revisions\/209"}],"wp:attachment":[{"href":"https:\/\/wzmc.de\/index.php\/wp-json\/wp\/v2\/media?parent=134"}],"curies":[{"name":"wp","href":"https:\/\/api.w.org\/{rel}","templated":true}]}}