{"id":132,"date":"2022-11-23T16:17:54","date_gmt":"2022-11-23T15:17:54","guid":{"rendered":"https:\/\/wzmc.de\/?page_id=132"},"modified":"2022-11-24T11:55:36","modified_gmt":"2022-11-24T10:55:36","slug":"regeln-und-bedingungen","status":"publish","type":"page","link":"https:\/\/wzmc.de\/index.php\/regeln-und-bedingungen\/","title":{"rendered":"Regeln und Bedingungen"},"content":{"rendered":"\n<h2 class=\"wp-block-heading\">Du kommst aus Wetzlar und Umgebung<\/h2>\n\n\n\n<p>Da wir die &#8222;Wetzlarer Motorrad Community&#8220; sind ist es nat\u00fcrlich eine Vorraussetzung das du aus der Umgebung kommst und Regelm\u00e4\u00dfig bei Events und Treffen teilnehmen kannst.<\/p>\n\n\n\n<h2 class=\"wp-block-heading\">Du hast einen Motorradf\u00fchrerschein<\/h2>\n\n\n\n<p>Du bist im Besitz von A1, A2 oder A.<\/p>\n","protected":false},"excerpt":{"rendered":"<p>Du kommst aus Wetzlar und Umgebung Da wir die &#8222;Wetzlarer Motorrad Community&#8220; sind ist es [&hellip;]<\/p>\n","protected":false},"author":3,"featured_media":0,"parent":0,"menu_order":0,"comment_status":"closed","ping_status":"closed","template":"","meta":{"footnotes":""},"class_list":["post-132","page","type-page","status-publish","hentry"],"_links":{"self":[{"href":"https:\/\/wzmc.de\/index.php\/wp-json\/wp\/v2\/pages\/132","targetHints":{"allow":["GET"]}}],"collection":[{"href":"https:\/\/wzmc.de\/index.php\/wp-json\/wp\/v2\/pages"}],"about":[{"href":"https:\/\/wzmc.de\/index.php\/wp-json\/wp\/v2\/types\/page"}],"author":[{"embeddable":true,"href":"https:\/\/wzmc.de\/index.php\/wp-json\/wp\/v2\/users\/3"}],"replies":[{"embeddable":true,"href":"https:\/\/wzmc.de\/index.php\/wp-json\/wp\/v2\/comments?post=132"}],"version-history":[{"count":6,"href":"https:\/\/wzmc.de\/index.php\/wp-json\/wp\/v2\/pages\/132\/revisions"}],"predecessor-version":[{"id":161,"href":"https:\/\/wzmc.de\/index.php\/wp-json\/wp\/v2\/pages\/132\/revisions\/161"}],"wp:attachment":[{"href":"https:\/\/wzmc.de\/index.php\/wp-json\/wp\/v2\/media?parent=132"}],"curies":[{"name":"wp","href":"https:\/\/api.w.org\/{rel}","templated":true}]}}